{"id":793,"date":"2024-12-31T16:37:48","date_gmt":"2024-12-31T13:37:48","guid":{"rendered":"https:\/\/lifemedhair.com\/dhi-choi-kalem\/"},"modified":"2025-01-14T17:51:48","modified_gmt":"2025-01-14T14:51:48","slug":"dhi-choi-pen","status":"publish","type":"page","link":"https:\/\/lifemedhair.com\/en\/dhi-choi-pen\/","title":{"rendered":"DHI (Choi Pen)"},"content":{"rendered":"<div class=\"wpb-content-wrapper\"><p>[vc_row el_class=&#8221;mobreverse&#8221;][vc_column width=&#8221;1\/4&#8243;][vc_wp_custommenu nav_menu=&#8221;4&#8243;]<script type=\"text\/javascript\">var gform;gform||(document.addEventListener(\"gform_main_scripts_loaded\",function(){gform.scriptsLoaded=!0}),window.addEventListener(\"DOMContentLoaded\",function(){gform.domLoaded=!0}),gform={domLoaded:!1,scriptsLoaded:!1,initializeOnLoaded:function(o){gform.domLoaded&&gform.scriptsLoaded?o():!gform.domLoaded&&gform.scriptsLoaded?window.addEventListener(\"DOMContentLoaded\",o):document.addEventListener(\"gform_main_scripts_loaded\",o)},hooks:{action:{},filter:{}},addAction:function(o,n,r,t){gform.addHook(\"action\",o,n,r,t)},addFilter:function(o,n,r,t){gform.addHook(\"filter\",o,n,r,t)},doAction:function(o){gform.doHook(\"action\",o,arguments)},applyFilters:function(o){return gform.doHook(\"filter\",o,arguments)},removeAction:function(o,n){gform.removeHook(\"action\",o,n)},removeFilter:function(o,n,r){gform.removeHook(\"filter\",o,n,r)},addHook:function(o,n,r,t,i){null==gform.hooks[o][n]&&(gform.hooks[o][n]=[]);var e=gform.hooks[o][n];null==i&&(i=n+\"_\"+e.length),gform.hooks[o][n].push({tag:i,callable:r,priority:t=null==t?10:t})},doHook:function(n,o,r){var t;if(r=Array.prototype.slice.call(r,1),null!=gform.hooks[n][o]&&((o=gform.hooks[n][o]).sort(function(o,n){return o.priority-n.priority}),o.forEach(function(o){\"function\"!=typeof(t=o.callable)&&(t=window[t]),\"action\"==n?t.apply(null,r):r[0]=t.apply(null,r)})),\"filter\"==n)return r[0]},removeHook:function(o,n,t,i){var r;null!=gform.hooks[o][n]&&(r=(r=gform.hooks[o][n]).filter(function(o,n,r){return!!(null!=i&&i!=o.tag||null!=t&&t!=o.priority)}),gform.hooks[o][n]=r)}});<\/script>\n                <div class='gf_browser_gecko gform_wrapper gravity-theme gform-theme--no-framework' data-form-theme='gravity-theme' data-form-index='0' id='gform_wrapper_6' >\n                        <div class='gform_heading'>\n\t\t\t\t\t\t\t<p class='gform_required_legend'>&quot;<span class=\"gfield_required gfield_required_asterisk\">*<\/span>&quot; indicates required fields<\/p>\n                        <\/div><form method='post' enctype='multipart\/form-data'  id='gform_6'  action='\/en\/wp-json\/wp\/v2\/pages\/793' data-formid='6' >\n                        <div class='gform-body gform_body'><div id='gform_fields_6' class='gform_fields top_label form_sublabel_below description_below'><div id=\"field_6_7\"  class=\"gfield gfield--type-html gfield--width-full gfield_html gfield_html_formatted gfield_no_follows_desc field_sublabel_below gfield--no-description field_description_below gfield_visibility_visible\"  data-js-reload=\"field_6_7\"><div class=\"formtitle\"><h3>Get Information<\/h3>\n<p>We can provide detailed information by calling you. Please fill out the form and we will contact you.<\/p>\n<\/div><\/div><div id=\"field_6_1\"  class=\"gfield gfield--type-text gfield_contains_required field_sublabel_below gfield--no-description field_description_below hidden_label gfield_visibility_visible\"  data-js-reload=\"field_6_1\"><label class='gfield_label gform-field-label' for='input_6_1' >Name Surname<span class=\"gfield_required\"><span class=\"gfield_required gfield_required_asterisk\">*<\/span><\/span><\/label><div class='ginput_container ginput_container_text'><input name='input_1' id='input_6_1' type='text' value='' class='large'    placeholder='Name Surname' aria-required=\"true\" aria-invalid=\"false\"   \/> <\/div><\/div><div id=\"field_6_3\"  class=\"gfield gfield--type-email gfield--width-full gfield_contains_required field_sublabel_below gfield--no-description field_description_below hidden_label gfield_visibility_visible\"  data-js-reload=\"field_6_3\"><label class='gfield_label gform-field-label' for='input_6_3' >E-Mail<span class=\"gfield_required\"><span class=\"gfield_required gfield_required_asterisk\">*<\/span><\/span><\/label><div class='ginput_container ginput_container_email'>\n                            <input name='input_3' id='input_6_3' type='text' value='' class='large'   placeholder='E-Mail' aria-required=\"true\" aria-invalid=\"false\"  \/>\n                        <\/div><\/div><div id=\"field_6_4\"  class=\"gfield gfield--type-phone gfield--width-full gfield_contains_required field_sublabel_below gfield--no-description field_description_below hidden_label gfield_visibility_visible\"  data-js-reload=\"field_6_4\"><label class='gfield_label gform-field-label' for='input_6_4' >Phone<span class=\"gfield_required\"><span class=\"gfield_required gfield_required_asterisk\">*<\/span><\/span><\/label><div class='ginput_container ginput_container_phone'><input name='input_4' id='input_6_4' type='text' value='' class='large'  placeholder='Phone' aria-required=\"true\" aria-invalid=\"false\"   \/><\/div><\/div><fieldset id=\"field_6_6\"  class=\"gfield gfield--type-consent gfield--type-choice gfield--input-type-consent gfield--width-full gfield_contains_required field_sublabel_below gfield--no-description field_description_below hidden_label gfield_visibility_visible\"  data-js-reload=\"field_6_6\"><legend class='gfield_label gform-field-label gfield_label_before_complex'  >Onay<span class=\"gfield_required\"><span class=\"gfield_required gfield_required_asterisk\">*<\/span><\/span><\/legend><div class='ginput_container ginput_container_consent'><input name='input_6.1' id='input_6_6_1' type='checkbox' value='1'   aria-required=\"true\" aria-invalid=\"false\"   \/> <label class=\"gform-field-label gform-field-label--type-inline gfield_consent_label\" for='input_6_6_1' >I have read, understood, and accept the terms of the <a href=\"http:\/\/lifemedhair.com\/gizlilik-ilkesi\/\" target=\"_blank\">Privacy Policy<\/a>.<span class=\"gfield_required gfield_required_asterisk\">*<\/span><\/label><input type='hidden' name='input_6.2' value='I have read, understood, and accept the terms of the &lt;a href=&quot;http:\/\/lifemedhair.com\/gizlilik-ilkesi\/&quot; target=&quot;_blank&quot;&gt;Privacy Policy&lt;\/a&gt;.' class='gform_hidden' \/><input type='hidden' name='input_6.3' value='6' class='gform_hidden' \/><\/div><\/fieldset><div id=\"field_6_8\"  class=\"gfield gfield--type-captcha gfield--width-full field_sublabel_below gfield--no-description field_description_below hidden_label gfield_visibility_visible\"  data-js-reload=\"field_6_8\"><label class='gfield_label gform-field-label' for='input_6_8' >CAPTCHA<\/label><div id='input_6_8' class='ginput_container ginput_recaptcha' data-sitekey='6Lc7Gf4qAAAAAHlhe0q44DtTgiwzkaediIxVjlnN'  data-theme='light' data-tabindex='0'  data-badge=''><\/div><\/div><\/div><\/div>\n        <div class='gform_footer top_label'> <input type='submit' id='gform_submit_button_6' class='gform_button button' value='Send'  onclick='if(window[\"gf_submitting_6\"]){return false;}  window[\"gf_submitting_6\"]=true;  ' onkeypress='if( event.keyCode == 13 ){ if(window[\"gf_submitting_6\"]){return false;} window[\"gf_submitting_6\"]=true;  jQuery(\"#gform_6\").trigger(\"submit\",[true]); }' \/> \n            <input type='hidden' class='gform_hidden' name='is_submit_6' value='1' \/>\n            <input type='hidden' class='gform_hidden' name='gform_submit' value='6' \/>\n            \n            <input type='hidden' class='gform_hidden' name='gform_unique_id' value='' \/>\n            <input type='hidden' class='gform_hidden' name='state_6' value='WyJ7XCI2LjFcIjpcIjNmNDVmNDM5OGI1ZTg4MzhlMzQ5MzY5NWMwOTExYmM2XCIsXCI2LjJcIjpcIjMyMGU1NjM5NDZkMTVkMDI4ZDVlMzFhNGM4MmZlMjQyXCIsXCI2LjNcIjpcIjM1N2FlYjBlNmFiOTUwNzljZDVhMmIzMTllM2I4YjIwXCJ9IiwiY2VjNGU2ZmY4NjJlMmVhOTU1NWViOGQ5NzljM2RkZTAiXQ==' \/>\n            <input type='hidden' class='gform_hidden' name='gform_target_page_number_6' id='gform_target_page_number_6' value='0' \/>\n            <input type='hidden' class='gform_hidden' name='gform_source_page_number_6' id='gform_source_page_number_6' value='1' \/>\n            <input type='hidden' name='gform_field_values' value='' \/>\n            \n        <\/div>\n                        <\/form>\n                        <\/div><script type=\"text\/javascript\">\n\/* <![CDATA[ *\/\n gform.initializeOnLoaded( function() {gformInitSpinner( 6, 'https:\/\/lifemedhair.com\/wp-content\/plugins\/gravityforms\/images\/spinner.svg', true );jQuery('#gform_ajax_frame_6').on('load',function(){var contents = jQuery(this).contents().find('*').html();var is_postback = contents.indexOf('GF_AJAX_POSTBACK') >= 0;if(!is_postback){return;}var form_content = jQuery(this).contents().find('#gform_wrapper_6');var is_confirmation = jQuery(this).contents().find('#gform_confirmation_wrapper_6').length > 0;var is_redirect = contents.indexOf('gformRedirect(){') >= 0;var is_form = form_content.length > 0 && ! is_redirect && ! is_confirmation;var mt = parseInt(jQuery('html').css('margin-top'), 10) + parseInt(jQuery('body').css('margin-top'), 10) + 100;if(is_form){jQuery('#gform_wrapper_6').html(form_content.html());if(form_content.hasClass('gform_validation_error')){jQuery('#gform_wrapper_6').addClass('gform_validation_error');} else {jQuery('#gform_wrapper_6').removeClass('gform_validation_error');}setTimeout( function() { \/* delay the scroll by 50 milliseconds to fix a bug in chrome *\/  }, 50 );if(window['gformInitDatepicker']) {gformInitDatepicker();}if(window['gformInitPriceFields']) {gformInitPriceFields();}var current_page = jQuery('#gform_source_page_number_6').val();gformInitSpinner( 6, 'https:\/\/lifemedhair.com\/wp-content\/plugins\/gravityforms\/images\/spinner.svg', true );jQuery(document).trigger('gform_page_loaded', [6, current_page]);window['gf_submitting_6'] = false;}else if(!is_redirect){var confirmation_content = jQuery(this).contents().find('.GF_AJAX_POSTBACK').html();if(!confirmation_content){confirmation_content = contents;}setTimeout(function(){jQuery('#gform_wrapper_6').replaceWith(confirmation_content);jQuery(document).trigger('gform_confirmation_loaded', [6]);window['gf_submitting_6'] = false;wp.a11y.speak(jQuery('#gform_confirmation_message_6').text());}, 50);}else{jQuery('#gform_6').append(contents);if(window['gformRedirect']) {gformRedirect();}}jQuery(document).trigger('gform_post_render', [6, current_page]);gform.utils.trigger({ event: 'gform\/postRender', native: false, data: { formId: 6, currentPage: current_page } });} );} ); \n\/* ]]> *\/\n<\/script>\n[\/vc_column][vc_column width=&#8221;3\/4&#8243; el_class=&#8221;polileftspace lfcontent&#8221;][vc_single_image image=&#8221;625&#8243; img_size=&#8221;full&#8221; css=&#8221;&#8221;][vc_custom_heading text=&#8221;What is DHI Hair Transplant?&#8221; font_container=&#8221;tag:h3|text_align:left&#8221; use_theme_fonts=&#8221;yes&#8221; css=&#8221;&#8221; el_class=&#8221;secheading&#8221;][vc_row_inner css=&#8221;.vc_custom_1736259991087{margin-top: 30px !important;}&#8221;][vc_column_inner width=&#8221;1\/4&#8243;][vc_single_image image=&#8221;763&#8243; img_size=&#8221;full&#8221; css=&#8221;&#8221;][\/vc_column_inner][vc_column_inner width=&#8221;3\/4&#8243;][vc_column_text css=&#8221;&#8221;]DHI (Direct Hair Implantation) hair transplant is defined as the process where hair is taken from the donor area without shaving and directly implanted into the recipient area using special needles. Since the hair follicles are implanted shortly after being taken from the donor area, the risk of damage is minimal. The DHI method, which facilitates implantation between existing hair, is also preferred in small areas.<\/p>\n<p>Unlike the classic FUE method, after each hair follicle is taken, it is transferred to the recipient area without being stored, with an equal angle and direction. This method, also known as the &#8220;pen technique,&#8221; is performed using special pens called &#8220;choi&#8221; or &#8220;implanter.&#8221;[\/vc_column_text][\/vc_column_inner][\/vc_row_inner]\r\n      <div class=\"lfcta\">\r\n        <div class=\"row align-items-center\">\r\n          <div class=\"col-md-8\">\r\n          <h3>   <p>For more information about DHI (Choi Pen) hair transplantation, you can contact <span style=\"color: #f56a00;\">our call center<\/span> or <span style=\"color: #f56a00;\">fill out the free information<\/span> form.<\/p>\n<\/h3>\r\n          <\/div>\r\n          <div class=\"col-md-4\">\r\n          <a href=\"tel: 4445433\" class=\"ctatel btn-transition\"  target=\"_blank\"><img decoding=\"async\" src=\"https:\/\/lifemedhair.com\/wp-content\/themes\/tisistem\/assets\/images\/phone.svg\" alt=\"\"> 444 54 33<\/a>\r\n       \r\n\r\n          <\/div>\r\n        <\/div>\r\n        <\/div>\r\n     \r\n    [vc_row_inner el_class=&#8221;contentorange&#8221;][vc_column_inner][vc_column_text css=&#8221;&#8221;]<\/p>\n<h2>What are the differences between DHI hair transplantation and classic FUE method?<\/h2>\n<ul>\n<li>In DHI hair transplantation, the same pen is used for both harvesting and placing the grafts. Both graft placement and channel opening are done simultaneously. In the classic FUE method, for example, if 4000 grafts are required, the grafts are first harvested, then stored, and channels are opened. Afterward, the grafts are placed into the opened channels. In DHI, the harvested grafts are placed into the implanter pen and transferred without any delay. During the operation process, an average of 30-50 implanters are used.<\/li>\n<li>The immediate placement of the grafts increases the longevity and survival rate after the transplantation.<\/li>\n<li>Using the implanter pen during the procedure makes it easier to define the angle and direction of the hair follicles, simplifying the process of determining their angles.<\/li>\n<li>It allows for direct transplantation to only the necessary area without damaging the existing hair.<\/li>\n<li>Since fine-tipped needles are used, the risk of scarring is very low.<\/li>\n<li>It offers the advantage of performing the transplant in narrow areas, independent of the classic FUE method.<\/li>\n<li>The recovery time is faster compared to the classic FUE method.<\/li>\n<\/ul>\n<p>[\/vc_column_text][\/vc_column_inner][\/vc_row_inner][vc_row_inner el_class=&#8221;contentblue&#8221;][vc_column_inner][vc_column_text css=&#8221;&#8221;]<\/p>\n<h2>How is DHI hair transplantation performed?<\/h2>\n<ul>\n<li>Local anesthesia is applied to relax the hair follicles in the donor area. After being relaxed, the follicles are collected one by one.<\/li>\n<li>The obtained grafts are placed in a separation container and prepared for transplantation.<\/li>\n<li>The prepared hair follicles are then placed into the recipient area without delay using the implanter tool.<\/li>\n<li>The hair follicles are placed in the correct angle with the help of the implanter pen, completing the transplantation process.<\/li>\n<\/ul>\n<p>[\/vc_column_text][\/vc_column_inner][\/vc_row_inner]\r\n      <div class=\"lfcta\">\r\n        <div class=\"row align-items-center\">\r\n          <div class=\"col-md-8\">\r\n          <h3>   <p>For more information about DHI (Choi Pen) hair transplantation, you can contact <span style=\"color: #f56a00;\">our call center<\/span> or <span style=\"color: #f56a00;\">fill out the free information<\/span> form.<\/p>\n<\/h3>\r\n          <\/div>\r\n          <div class=\"col-md-4\">\r\n          <a href=\"tel: 4445433\" class=\"ctatel btn-transition\"  target=\"_blank\"><img decoding=\"async\" src=\"https:\/\/lifemedhair.com\/wp-content\/themes\/tisistem\/assets\/images\/phone.svg\" alt=\"\"> 444 54 33<\/a>\r\n       \r\n\r\n          <\/div>\r\n        <\/div>\r\n        <\/div>\r\n     \r\n    [\/vc_column][\/vc_row]<\/p>\n<\/div>","protected":false},"excerpt":{"rendered":"<p>[vc_row el_class=&#8221;mobreverse&#8221;][vc_column width=&#8221;1\/4&#8243;][vc_wp_custommenu nav_menu=&#8221;4&#8243;][\/vc_column][vc_column width=&#8221;3\/4&#8243; el_class=&#8221;polileftspace lfcontent&#8221;][vc_single_image image=&#8221;625&#8243; img_size=&#8221;full&#8221; css=&#8221;&#8221;][vc_custom_heading text=&#8221;What is DHI Hair Transplant?&#8221; font_container=&#8221;tag:h3|text_align:left&#8221; use_theme_fonts=&#8221;yes&#8221; css=&#8221;&#8221; el_class=&#8221;secheading&#8221;][vc_row_inner css=&#8221;.vc_custom_1736259991087{margin-top: 30px !important;}&#8221;][vc_column_inner width=&#8221;1\/4&#8243;][vc_single_image image=&#8221;763&#8243; img_size=&#8221;full&#8221; css=&#8221;&#8221;][\/vc_column_inner][vc_column_inner width=&#8221;3\/4&#8243;][vc_column_text css=&#8221;&#8221;]DHI (Direct Hair Implantation) hair transplant is defined as the process where hair is taken from the donor area without shaving and directly implanted into the recipient area using special needles. Since the hair follicles are implanted shortly after being taken from the donor area, the risk of damage is minimal. The DHI method, which facilitates implantation between existing hair, is also preferred in small areas. Unlike the classic FUE method, after each [&hellip;]<\/p>\n","protected":false},"author":1,"featured_media":0,"parent":0,"menu_order":0,"comment_status":"closed","ping_status":"closed","template":"","meta":{"footnotes":""},"class_list":["post-793","page","type-page","status-publish","hentry"],"yoast_head":"<!-- This site is optimized with the Yoast SEO plugin v24.1 - https:\/\/yoast.com\/wordpress\/plugins\/seo\/ -->\n<title>DHI (Choi Pen) - Lifemed Sa\u00e7 Ekim Merkezi, \u0130stanbul<\/title>\n<meta name=\"robots\" content=\"index, follow, max-snippet:-1, max-image-preview:large, max-video-preview:-1\" \/>\n<link rel=\"canonical\" href=\"https:\/\/lifemedhair.com\/en\/dhi-choi-pen\/\" \/>\n<meta property=\"og:locale\" content=\"en_US\" \/>\n<meta property=\"og:type\" content=\"article\" \/>\n<meta property=\"og:title\" content=\"DHI (Choi Pen) - Lifemed Sa\u00e7 Ekim Merkezi, \u0130stanbul\" \/>\n<meta property=\"og:description\" content=\"[vc_row el_class=&#8221;mobreverse&#8221;][vc_column width=&#8221;1\/4&#8243;][vc_wp_custommenu nav_menu=&#8221;4&#8243;][\/vc_column][vc_column width=&#8221;3\/4&#8243; el_class=&#8221;polileftspace lfcontent&#8221;][vc_single_image image=&#8221;625&#8243; img_size=&#8221;full&#8221; css=&#8221;&#8221;][vc_custom_heading text=&#8221;What is DHI Hair Transplant?&#8221; font_container=&#8221;tag:h3|text_align:left&#8221; use_theme_fonts=&#8221;yes&#8221; css=&#8221;&#8221; el_class=&#8221;secheading&#8221;][vc_row_inner css=&#8221;.vc_custom_1736259991087{margin-top: 30px !important;}&#8221;][vc_column_inner width=&#8221;1\/4&#8243;][vc_single_image image=&#8221;763&#8243; img_size=&#8221;full&#8221; css=&#8221;&#8221;][\/vc_column_inner][vc_column_inner width=&#8221;3\/4&#8243;][vc_column_text css=&#8221;&#8221;]DHI (Direct Hair Implantation) hair transplant is defined as the process where hair is taken from the donor area without shaving and directly implanted into the recipient area using special needles. Since the hair follicles are implanted shortly after being taken from the donor area, the risk of damage is minimal. The DHI method, which facilitates implantation between existing hair, is also preferred in small areas. Unlike the classic FUE method, after each [&hellip;]\" \/>\n<meta property=\"og:url\" content=\"https:\/\/lifemedhair.com\/en\/dhi-choi-pen\/\" \/>\n<meta property=\"og:site_name\" content=\"Lifemed Sa\u00e7 Ekim Merkezi, \u0130stanbul\" \/>\n<meta property=\"article:modified_time\" content=\"2025-01-14T14:51:48+00:00\" \/>\n<meta name=\"twitter:card\" content=\"summary_large_image\" \/>\n<meta name=\"twitter:label1\" content=\"Est. reading time\" \/>\n\t<meta name=\"twitter:data1\" content=\"4 minutes\" \/>\n<script type=\"application\/ld+json\" class=\"yoast-schema-graph\">{\"@context\":\"https:\/\/schema.org\",\"@graph\":[{\"@type\":\"WebPage\",\"@id\":\"https:\/\/lifemedhair.com\/en\/dhi-choi-pen\/\",\"url\":\"https:\/\/lifemedhair.com\/en\/dhi-choi-pen\/\",\"name\":\"DHI (Choi Pen) - Lifemed Sa\u00e7 Ekim Merkezi, \u0130stanbul\",\"isPartOf\":{\"@id\":\"https:\/\/lifemedhair.com\/#website\"},\"datePublished\":\"2024-12-31T13:37:48+00:00\",\"dateModified\":\"2025-01-14T14:51:48+00:00\",\"breadcrumb\":{\"@id\":\"https:\/\/lifemedhair.com\/en\/dhi-choi-pen\/#breadcrumb\"},\"inLanguage\":\"en-US\",\"potentialAction\":[{\"@type\":\"ReadAction\",\"target\":[\"https:\/\/lifemedhair.com\/en\/dhi-choi-pen\/\"]}]},{\"@type\":\"BreadcrumbList\",\"@id\":\"https:\/\/lifemedhair.com\/en\/dhi-choi-pen\/#breadcrumb\",\"itemListElement\":[{\"@type\":\"ListItem\",\"position\":1,\"name\":\"\",\"item\":\"https:\/\/lifemedhair.com\/en\/\"},{\"@type\":\"ListItem\",\"position\":2,\"name\":\"DHI (Choi Pen)\"}]},{\"@type\":\"WebSite\",\"@id\":\"https:\/\/lifemedhair.com\/#website\",\"url\":\"https:\/\/lifemedhair.com\/\",\"name\":\"Kad\u0131k\u00f6y Lifemed T\u0131p Merkezi\",\"description\":\"\",\"potentialAction\":[{\"@type\":\"SearchAction\",\"target\":{\"@type\":\"EntryPoint\",\"urlTemplate\":\"https:\/\/lifemedhair.com\/?s={search_term_string}\"},\"query-input\":{\"@type\":\"PropertyValueSpecification\",\"valueRequired\":true,\"valueName\":\"search_term_string\"}}],\"inLanguage\":\"en-US\"}]}<\/script>\n<!-- \/ Yoast SEO plugin. -->","yoast_head_json":{"title":"DHI (Choi Pen) - Lifemed Sa\u00e7 Ekim Merkezi, \u0130stanbul","robots":{"index":"index","follow":"follow","max-snippet":"max-snippet:-1","max-image-preview":"max-image-preview:large","max-video-preview":"max-video-preview:-1"},"canonical":"https:\/\/lifemedhair.com\/en\/dhi-choi-pen\/","og_locale":"en_US","og_type":"article","og_title":"DHI (Choi Pen) - Lifemed Sa\u00e7 Ekim Merkezi, \u0130stanbul","og_description":"[vc_row el_class=&#8221;mobreverse&#8221;][vc_column width=&#8221;1\/4&#8243;][vc_wp_custommenu nav_menu=&#8221;4&#8243;][\/vc_column][vc_column width=&#8221;3\/4&#8243; el_class=&#8221;polileftspace lfcontent&#8221;][vc_single_image image=&#8221;625&#8243; img_size=&#8221;full&#8221; css=&#8221;&#8221;][vc_custom_heading text=&#8221;What is DHI Hair Transplant?&#8221; font_container=&#8221;tag:h3|text_align:left&#8221; use_theme_fonts=&#8221;yes&#8221; css=&#8221;&#8221; el_class=&#8221;secheading&#8221;][vc_row_inner css=&#8221;.vc_custom_1736259991087{margin-top: 30px !important;}&#8221;][vc_column_inner width=&#8221;1\/4&#8243;][vc_single_image image=&#8221;763&#8243; img_size=&#8221;full&#8221; css=&#8221;&#8221;][\/vc_column_inner][vc_column_inner width=&#8221;3\/4&#8243;][vc_column_text css=&#8221;&#8221;]DHI (Direct Hair Implantation) hair transplant is defined as the process where hair is taken from the donor area without shaving and directly implanted into the recipient area using special needles. Since the hair follicles are implanted shortly after being taken from the donor area, the risk of damage is minimal. The DHI method, which facilitates implantation between existing hair, is also preferred in small areas. Unlike the classic FUE method, after each [&hellip;]","og_url":"https:\/\/lifemedhair.com\/en\/dhi-choi-pen\/","og_site_name":"Lifemed Sa\u00e7 Ekim Merkezi, \u0130stanbul","article_modified_time":"2025-01-14T14:51:48+00:00","twitter_card":"summary_large_image","twitter_misc":{"Est. reading time":"4 minutes"},"schema":{"@context":"https:\/\/schema.org","@graph":[{"@type":"WebPage","@id":"https:\/\/lifemedhair.com\/en\/dhi-choi-pen\/","url":"https:\/\/lifemedhair.com\/en\/dhi-choi-pen\/","name":"DHI (Choi Pen) - Lifemed Sa\u00e7 Ekim Merkezi, \u0130stanbul","isPartOf":{"@id":"https:\/\/lifemedhair.com\/#website"},"datePublished":"2024-12-31T13:37:48+00:00","dateModified":"2025-01-14T14:51:48+00:00","breadcrumb":{"@id":"https:\/\/lifemedhair.com\/en\/dhi-choi-pen\/#breadcrumb"},"inLanguage":"en-US","potentialAction":[{"@type":"ReadAction","target":["https:\/\/lifemedhair.com\/en\/dhi-choi-pen\/"]}]},{"@type":"BreadcrumbList","@id":"https:\/\/lifemedhair.com\/en\/dhi-choi-pen\/#breadcrumb","itemListElement":[{"@type":"ListItem","position":1,"name":"","item":"https:\/\/lifemedhair.com\/en\/"},{"@type":"ListItem","position":2,"name":"DHI (Choi Pen)"}]},{"@type":"WebSite","@id":"https:\/\/lifemedhair.com\/#website","url":"https:\/\/lifemedhair.com\/","name":"Kad\u0131k\u00f6y Lifemed T\u0131p Merkezi","description":"","potentialAction":[{"@type":"SearchAction","target":{"@type":"EntryPoint","urlTemplate":"https:\/\/lifemedhair.com\/?s={search_term_string}"},"query-input":{"@type":"PropertyValueSpecification","valueRequired":true,"valueName":"search_term_string"}}],"inLanguage":"en-US"}]}},"_links":{"self":[{"href":"https:\/\/lifemedhair.com\/en\/wp-json\/wp\/v2\/pages\/793","targetHints":{"allow":["GET"]}}],"collection":[{"href":"https:\/\/lifemedhair.com\/en\/wp-json\/wp\/v2\/pages"}],"about":[{"href":"https:\/\/lifemedhair.com\/en\/wp-json\/wp\/v2\/types\/page"}],"author":[{"embeddable":true,"href":"https:\/\/lifemedhair.com\/en\/wp-json\/wp\/v2\/users\/1"}],"replies":[{"embeddable":true,"href":"https:\/\/lifemedhair.com\/en\/wp-json\/wp\/v2\/comments?post=793"}],"version-history":[{"count":3,"href":"https:\/\/lifemedhair.com\/en\/wp-json\/wp\/v2\/pages\/793\/revisions"}],"predecessor-version":[{"id":876,"href":"https:\/\/lifemedhair.com\/en\/wp-json\/wp\/v2\/pages\/793\/revisions\/876"}],"wp:attachment":[{"href":"https:\/\/lifemedhair.com\/en\/wp-json\/wp\/v2\/media?parent=793"}],"curies":[{"name":"wp","href":"https:\/\/api.w.org\/{rel}","templated":true}]}}