{"id":802,"date":"2024-12-29T22:55:30","date_gmt":"2024-12-29T19:55:30","guid":{"rendered":"https:\/\/lifemedhair.com\/iletisim\/"},"modified":"2025-01-27T14:25:57","modified_gmt":"2025-01-27T11:25:57","slug":"contact-us","status":"publish","type":"page","link":"https:\/\/lifemedhair.com\/en\/contact-us\/","title":{"rendered":"Contact Us"},"content":{"rendered":"<div class=\"wpb-content-wrapper\"><p>[vc_row][vc_column width=&#8221;1\/2&#8243;][vc_single_image image=&#8221;625&#8243; img_size=&#8221;full&#8221; css=&#8221;&#8221;][vc_custom_heading text=&#8221;Get Free Consultation&#8221; font_container=&#8221;tag:h3|text_align:left&#8221; use_theme_fonts=&#8221;yes&#8221; css=&#8221;&#8221; el_class=&#8221;secheading&#8221;][vc_column_text css=&#8221;&#8221;]You can contact us about anything by filling out the form below. Your information will be kept confidential under our <a href=\"https:\/\/lifemedhair.com\/en\/privacy-policy\/\">Privacy, Personal Data, and Cookie Policy<\/a>. Please don&#8217;t forget to fill out the form completely so we can reach you. Our team will get in touch with you.[\/vc_column_text][vc_row_inner el_class=&#8221;contentwhite&#8221;][vc_column_inner]<script type=\"text\/javascript\">var gform;gform||(document.addEventListener(\"gform_main_scripts_loaded\",function(){gform.scriptsLoaded=!0}),window.addEventListener(\"DOMContentLoaded\",function(){gform.domLoaded=!0}),gform={domLoaded:!1,scriptsLoaded:!1,initializeOnLoaded:function(o){gform.domLoaded&&gform.scriptsLoaded?o():!gform.domLoaded&&gform.scriptsLoaded?window.addEventListener(\"DOMContentLoaded\",o):document.addEventListener(\"gform_main_scripts_loaded\",o)},hooks:{action:{},filter:{}},addAction:function(o,n,r,t){gform.addHook(\"action\",o,n,r,t)},addFilter:function(o,n,r,t){gform.addHook(\"filter\",o,n,r,t)},doAction:function(o){gform.doHook(\"action\",o,arguments)},applyFilters:function(o){return gform.doHook(\"filter\",o,arguments)},removeAction:function(o,n){gform.removeHook(\"action\",o,n)},removeFilter:function(o,n,r){gform.removeHook(\"filter\",o,n,r)},addHook:function(o,n,r,t,i){null==gform.hooks[o][n]&&(gform.hooks[o][n]=[]);var e=gform.hooks[o][n];null==i&&(i=n+\"_\"+e.length),gform.hooks[o][n].push({tag:i,callable:r,priority:t=null==t?10:t})},doHook:function(n,o,r){var t;if(r=Array.prototype.slice.call(r,1),null!=gform.hooks[n][o]&&((o=gform.hooks[n][o]).sort(function(o,n){return o.priority-n.priority}),o.forEach(function(o){\"function\"!=typeof(t=o.callable)&&(t=window[t]),\"action\"==n?t.apply(null,r):r[0]=t.apply(null,r)})),\"filter\"==n)return r[0]},removeHook:function(o,n,t,i){var r;null!=gform.hooks[o][n]&&(r=(r=gform.hooks[o][n]).filter(function(o,n,r){return!!(null!=i&&i!=o.tag||null!=t&&t!=o.priority)}),gform.hooks[o][n]=r)}});<\/script>\n                <div class='gf_browser_gecko gform_wrapper gravity-theme gform-theme--no-framework' data-form-theme='gravity-theme' data-form-index='0' id='gform_wrapper_7' >\n                        <div class='gform_heading'>\n\t\t\t\t\t\t\t<p class='gform_required_legend'>&quot;<span class=\"gfield_required gfield_required_asterisk\">*<\/span>&quot; indicates required fields<\/p>\n                        <\/div><form method='post' enctype='multipart\/form-data'  id='gform_7'  action='\/en\/wp-json\/wp\/v2\/pages\/802' data-formid='7' >\n                        <div class='gform-body gform_body'><div id='gform_fields_7' class='gform_fields top_label form_sublabel_below description_below'><div id=\"field_7_1\"  class=\"gfield gfield--type-text gfield_contains_required field_sublabel_below gfield--no-description field_description_below hidden_label gfield_visibility_visible\"  data-js-reload=\"field_7_1\"><label class='gfield_label gform-field-label' for='input_7_1' >Name Surname<span class=\"gfield_required\"><span class=\"gfield_required gfield_required_asterisk\">*<\/span><\/span><\/label><div class='ginput_container ginput_container_text'><input name='input_1' id='input_7_1' type='text' value='' class='large'    placeholder='Name Surname' aria-required=\"true\" aria-invalid=\"false\"   \/> <\/div><\/div><div id=\"field_7_3\"  class=\"gfield gfield--type-email gfield--width-half gfield_contains_required field_sublabel_below gfield--no-description field_description_below hidden_label gfield_visibility_visible\"  data-js-reload=\"field_7_3\"><label class='gfield_label gform-field-label' for='input_7_3' >E-Mail<span class=\"gfield_required\"><span class=\"gfield_required gfield_required_asterisk\">*<\/span><\/span><\/label><div class='ginput_container ginput_container_email'>\n                            <input name='input_3' id='input_7_3' type='text' value='' class='large'   placeholder='E-Mail' aria-required=\"true\" aria-invalid=\"false\"  \/>\n                        <\/div><\/div><div id=\"field_7_4\"  class=\"gfield gfield--type-phone gfield--width-half gfield_contains_required field_sublabel_below gfield--no-description field_description_below hidden_label gfield_visibility_visible pcafe_sp_field\"  data-field-class=\"pcafe_sp_field\" data-js-reload=\"field_7_4\"><label class='gfield_label gform-field-label' for='input_7_4' >Phone<span class=\"gfield_required\"><span class=\"gfield_required gfield_required_asterisk\">*<\/span><\/span><\/label><div class='ginput_container ginput_container_phone' data-formid='7' data-fieldid='4' data-auto_flag='0' data-flag='flagcode' data-pre_country='none' data-de_country='TR'><span class='spf-phone error-msg hide'><\/span><span class='spf-phone valid-msg hide'><\/span><input name='input_4' id='input_7_4' type='text' value='' class='large'  placeholder='Phone' aria-required=\"true\" aria-invalid=\"false\"   \/><\/div><\/div><div id=\"field_7_7\"  class=\"gfield gfield--type-textarea gfield--width-full field_sublabel_below gfield--no-description field_description_below hidden_label gfield_visibility_visible\"  data-js-reload=\"field_7_7\"><label class='gfield_label gform-field-label' for='input_7_7' >Message<\/label><div class='ginput_container ginput_container_textarea'><textarea name='input_7' id='input_7_7' class='textarea small'    placeholder='Message'  aria-invalid=\"false\"   rows='10' cols='50'><\/textarea><\/div><\/div><div id=\"field_7_8\"  class=\"gfield gfield--type-fileupload gfield--width-full field_sublabel_below gfield--no-description field_description_below gfield_visibility_visible\"  data-js-reload=\"field_7_8\"><label class='gfield_label gform-field-label' for='gform_browse_button_7_8' >Your Clinic Photos<\/label><div class='ginput_container ginput_container_fileupload'><div id='gform_multifile_upload_7_8' data-settings='{&quot;runtimes&quot;:&quot;html5,flash,html4&quot;,&quot;browse_button&quot;:&quot;gform_browse_button_7_8&quot;,&quot;container&quot;:&quot;gform_multifile_upload_7_8&quot;,&quot;drop_element&quot;:&quot;gform_drag_drop_area_7_8&quot;,&quot;filelist&quot;:&quot;gform_preview_7_8&quot;,&quot;unique_names&quot;:true,&quot;file_data_name&quot;:&quot;file&quot;,&quot;url&quot;:&quot;https:\\\/\\\/lifemedhair.com\\\/?gf_page=cd902d757191d04&quot;,&quot;flash_swf_url&quot;:&quot;https:\\\/\\\/lifemedhair.com\\\/wp-includes\\\/js\\\/plupload\\\/plupload.flash.swf&quot;,&quot;silverlight_xap_url&quot;:&quot;https:\\\/\\\/lifemedhair.com\\\/wp-includes\\\/js\\\/plupload\\\/plupload.silverlight.xap&quot;,&quot;filters&quot;:{&quot;mime_types&quot;:[{&quot;title&quot;:&quot;Allowed Files&quot;,&quot;extensions&quot;:&quot;*&quot;}],&quot;max_file_size&quot;:&quot;26214400b&quot;},&quot;multipart&quot;:true,&quot;urlstream_upload&quot;:false,&quot;multipart_params&quot;:{&quot;form_id&quot;:7,&quot;field_id&quot;:8},&quot;gf_vars&quot;:{&quot;max_files&quot;:0,&quot;message_id&quot;:&quot;gform_multifile_messages_7_8&quot;,&quot;disallowed_extensions&quot;:[&quot;php&quot;,&quot;asp&quot;,&quot;aspx&quot;,&quot;cmd&quot;,&quot;csh&quot;,&quot;bat&quot;,&quot;html&quot;,&quot;htm&quot;,&quot;hta&quot;,&quot;jar&quot;,&quot;exe&quot;,&quot;com&quot;,&quot;js&quot;,&quot;lnk&quot;,&quot;htaccess&quot;,&quot;phtml&quot;,&quot;ps1&quot;,&quot;ps2&quot;,&quot;php3&quot;,&quot;php4&quot;,&quot;php5&quot;,&quot;php6&quot;,&quot;py&quot;,&quot;rb&quot;,&quot;tmp&quot;]}}' class='gform_fileupload_multifile'>\n\t\t\t\t\t\t\t\t\t\t<div id='gform_drag_drop_area_7_8' class='gform_drop_area gform-theme-field-control'>\n\t\t\t\t\t\t\t\t\t\t\t<span class='gform_drop_instructions'>Drop files here or <\/span>\n\t\t\t\t\t\t\t\t\t\t\t<button type='button' id='gform_browse_button_7_8' class='button gform_button_select_files' aria-describedby=\"gfield_upload_rules_7_8\"  >Select files<\/button>\n\t\t\t\t\t\t\t\t\t\t<\/div>\n\t\t\t\t\t\t\t\t\t<\/div><span class='gfield_description gform_fileupload_rules' id='gfield_upload_rules_7_8'>Max. file size: 25 MB.<\/span><ul class='validation_message--hidden-on-empty gform-ul-reset' id='gform_multifile_messages_7_8'><\/ul> <!-- Leave <ul> empty to support CSS :empty selector. --><\/div><div id='gform_preview_7_8' class='ginput_preview_list'><\/div><\/div><fieldset id=\"field_7_6\"  class=\"gfield gfield--type-consent gfield--type-choice gfield--input-type-consent gfield--width-full gfield_contains_required field_sublabel_below gfield--no-description field_description_below hidden_label gfield_visibility_visible\"  data-js-reload=\"field_7_6\"><legend class='gfield_label gform-field-label gfield_label_before_complex'  >Onay<span class=\"gfield_required\"><span class=\"gfield_required gfield_required_asterisk\">*<\/span><\/span><\/legend><div class='ginput_container ginput_container_consent'><input name='input_6.1' id='input_7_6_1' type='checkbox' value='1'   aria-required=\"true\" aria-invalid=\"false\"   \/> <label class=\"gform-field-label gform-field-label--type-inline gfield_consent_label\" for='input_7_6_1' >I have read, understood, and accept the terms of the <a href=\"https:\/\/lifemedhair.com\/en\/privacy-policy\/\" target=\"_blank\">Privacy Policy<\/a><span class=\"gfield_required gfield_required_asterisk\">*<\/span><\/label><input type='hidden' name='input_6.2' value='I have read, understood, and accept the terms of the &lt;a href=&quot;https:\/\/lifemedhair.com\/en\/privacy-policy\/&quot; target=&quot;_blank&quot;&gt;Privacy Policy&lt;\/a&gt;' class='gform_hidden' \/><input type='hidden' name='input_6.3' value='7' class='gform_hidden' \/><\/div><\/fieldset><div id=\"field_7_9\"  class=\"gfield gfield--type-captcha gfield--width-full field_sublabel_below gfield--no-description field_description_below hidden_label gfield_visibility_visible\"  data-js-reload=\"field_7_9\"><label class='gfield_label gform-field-label' for='input_7_9' >CAPTCHA<\/label><div id='input_7_9' class='ginput_container ginput_recaptcha' data-sitekey='6Lc7Gf4qAAAAAHlhe0q44DtTgiwzkaediIxVjlnN'  data-theme='light' data-tabindex='0'  data-badge=''><\/div><\/div><\/div><\/div>\n        <div class='gform_footer top_label'> <input type='submit' id='gform_submit_button_7' class='gform_button button' value='Send'  onclick='if(window[\"gf_submitting_7\"]){return false;}  window[\"gf_submitting_7\"]=true;  ' onkeypress='if( event.keyCode == 13 ){ if(window[\"gf_submitting_7\"]){return false;} window[\"gf_submitting_7\"]=true;  jQuery(\"#gform_7\").trigger(\"submit\",[true]); }' \/> \n            <input type='hidden' class='gform_hidden' name='is_submit_7' value='1' \/>\n            <input type='hidden' class='gform_hidden' name='gform_submit' value='7' \/>\n            \n            <input type='hidden' class='gform_hidden' name='gform_unique_id' value='' \/>\n            <input type='hidden' class='gform_hidden' name='state_7' value='WyJ7XCI2LjFcIjpcIjNmNDVmNDM5OGI1ZTg4MzhlMzQ5MzY5NWMwOTExYmM2XCIsXCI2LjJcIjpcIjdiNGZlMmYwYzAxOTM2MzNlOWZlM2EzZDdlZDNlY2I5XCIsXCI2LjNcIjpcImQyMWFmYmFmYzliMzBjOTI4NGIzMzQ3NmJlMjczNzM1XCJ9IiwiMzNmY2FjOGI4OWQxNWQ2YmVkMTUwYTk5ZDFkMGZiYmMiXQ==' \/>\n            <input type='hidden' class='gform_hidden' name='gform_target_page_number_7' id='gform_target_page_number_7' value='0' \/>\n            <input type='hidden' class='gform_hidden' name='gform_source_page_number_7' id='gform_source_page_number_7' value='1' \/>\n            <input type='hidden' name='gform_field_values' value='' \/>\n            <input type='hidden' name='gform_uploaded_files' id='gform_uploaded_files_7' value='' \/>\n        <\/div>\n                        <\/form>\n                        <\/div><script type=\"text\/javascript\">\n\/* <![CDATA[ *\/\n gform.initializeOnLoaded( function() {gformInitSpinner( 7, 'https:\/\/lifemedhair.com\/wp-content\/plugins\/gravityforms\/images\/spinner.svg', true );jQuery('#gform_ajax_frame_7').on('load',function(){var contents = jQuery(this).contents().find('*').html();var is_postback = contents.indexOf('GF_AJAX_POSTBACK') >= 0;if(!is_postback){return;}var form_content = jQuery(this).contents().find('#gform_wrapper_7');var is_confirmation = jQuery(this).contents().find('#gform_confirmation_wrapper_7').length > 0;var is_redirect = contents.indexOf('gformRedirect(){') >= 0;var is_form = form_content.length > 0 && ! is_redirect && ! is_confirmation;var mt = parseInt(jQuery('html').css('margin-top'), 10) + parseInt(jQuery('body').css('margin-top'), 10) + 100;if(is_form){jQuery('#gform_wrapper_7').html(form_content.html());if(form_content.hasClass('gform_validation_error')){jQuery('#gform_wrapper_7').addClass('gform_validation_error');} else {jQuery('#gform_wrapper_7').removeClass('gform_validation_error');}setTimeout( function() { \/* delay the scroll by 50 milliseconds to fix a bug in chrome *\/  }, 50 );if(window['gformInitDatepicker']) {gformInitDatepicker();}if(window['gformInitPriceFields']) {gformInitPriceFields();}var current_page = jQuery('#gform_source_page_number_7').val();gformInitSpinner( 7, 'https:\/\/lifemedhair.com\/wp-content\/plugins\/gravityforms\/images\/spinner.svg', true );jQuery(document).trigger('gform_page_loaded', [7, current_page]);window['gf_submitting_7'] = false;}else if(!is_redirect){var confirmation_content = jQuery(this).contents().find('.GF_AJAX_POSTBACK').html();if(!confirmation_content){confirmation_content = contents;}setTimeout(function(){jQuery('#gform_wrapper_7').replaceWith(confirmation_content);jQuery(document).trigger('gform_confirmation_loaded', [7]);window['gf_submitting_7'] = false;wp.a11y.speak(jQuery('#gform_confirmation_message_7').text());}, 50);}else{jQuery('#gform_7').append(contents);if(window['gformRedirect']) {gformRedirect();}}jQuery(document).trigger('gform_post_render', [7, current_page]);gform.utils.trigger({ event: 'gform\/postRender', native: false, data: { formId: 7, currentPage: current_page } });} );} ); \n\/* ]]> *\/\n<\/script>\n[\/vc_column_inner][\/vc_row_inner][\/vc_column][vc_column width=&#8221;1\/2&#8243; el_class=&#8221;polileftspace lfcontent&#8221;][vc_single_image image=&#8221;625&#8243; img_size=&#8221;full&#8221; css=&#8221;&#8221;][vc_custom_heading text=&#8221;Contact Information&#8221; font_container=&#8221;tag:h3|text_align:left&#8221; use_theme_fonts=&#8221;yes&#8221; css=&#8221;&#8221; el_class=&#8221;secheading&#8221;][vc_column_text css=&#8221;.vc_custom_1737977154946{margin-top: 50px !important;}&#8221;]Ba\u011fdat Caddesi No: 191\/A 34730 \u00c7iftehavuzlar &#8211; Kad\u0131k\u00f6y \/ \u0130stanbul<\/p>\n<p>T :\u00a0<a href=\"tel:444 54 33\">444 54 33<\/a><\/p>\n<p>W: <a href=\"https:\/\/wa.me\/905318443002\">+90 531 844 30 02<\/a><\/p>\n<p>F : (0 216) 468 55 99<\/p>\n<p>E :\u00a0<a href=\"mailto:hairtransplantation@lifemed.com.tr\">hairtransplantation@lifemed.com.tr<\/a>[\/vc_column_text][vc_gmaps link=&#8221;#E-8_JTNDaWZyYW1lJTIwc3JjJTNEJTIyaHR0cHMlM0ElMkYlMkZ3d3cuZ29vZ2xlLmNvbSUyRm1hcHMlMkZlbWJlZCUzRnBiJTNEJTIxMW0xNCUyMTFtOCUyMTFtMyUyMTFkMjQwOTguNTE4MDgxMDEyNjglMjEyZDI5LjA1NDYlMjEzZDQwLjk3NDU4OCUyMTNtMiUyMTFpMTAyNCUyMTJpNzY4JTIxNGYxMy4xJTIxM20zJTIxMW0yJTIxMXMweDE0Y2FjNzgyNjA2MDcxOGYlMjUzQTB4NThjMTEzMjYxNGZhNTFmZCUyMTJzJTI1QzMlMjU5NnplbCUyNTIwTGlmZW1lZCUyNTIwVCUyNUM0JTI1QjFwJTI1MjBNZXJrZXppJTIxNWUwJTIxM20yJTIxMXN0ciUyMTJzdXMlMjE0djE3MzU2NTYyOTE2NzclMjE1bTIlMjExc3RyJTIxMnN1cyUyMiUyMHdpZHRoJTNEJTIyMTAwJTI1JTIyJTIwaGVpZ2h0JTNEJTIyNDUwJTIyJTIwc3R5bGUlM0QlMjJib3JkZXIlM0EwJTNCJTIyJTIwYWxsb3dmdWxsc2NyZWVuJTNEJTIyJTIyJTIwbG9hZGluZyUzRCUyMmxhenklMjIlMjByZWZlcnJlcnBvbGljeSUzRCUyMm5vLXJlZmVycmVyLXdoZW4tZG93bmdyYWRlJTIyJTNFJTNDJTJGaWZyYW1lJTNF&#8221; css=&#8221;&#8221;][\/vc_column][\/vc_row]<\/p>\n<\/div>","protected":false},"excerpt":{"rendered":"<p>[vc_row][vc_column width=&#8221;1\/2&#8243;][vc_single_image image=&#8221;625&#8243; img_size=&#8221;full&#8221; css=&#8221;&#8221;][vc_custom_heading text=&#8221;Get Free Consultation&#8221; font_container=&#8221;tag:h3|text_align:left&#8221; use_theme_fonts=&#8221;yes&#8221; css=&#8221;&#8221; el_class=&#8221;secheading&#8221;][vc_column_text css=&#8221;&#8221;]You can contact us about anything by filling out the form below. Your information will be kept confidential under our Privacy, Personal Data, and Cookie Policy. Please don&#8217;t forget to fill out the form completely so we can reach you. Our team will get in touch with you.[\/vc_column_text][vc_row_inner el_class=&#8221;contentwhite&#8221;][vc_column_inner][\/vc_column_inner][\/vc_row_inner][\/vc_column][vc_column width=&#8221;1\/2&#8243; el_class=&#8221;polileftspace lfcontent&#8221;][vc_single_image image=&#8221;625&#8243; img_size=&#8221;full&#8221; css=&#8221;&#8221;][vc_custom_heading text=&#8221;Contact Information&#8221; font_container=&#8221;tag:h3|text_align:left&#8221; use_theme_fonts=&#8221;yes&#8221; css=&#8221;&#8221; el_class=&#8221;secheading&#8221;][vc_column_text css=&#8221;.vc_custom_1737977154946{margin-top: 50px !important;}&#8221;]Ba\u011fdat Caddesi No: 191\/A 34730 \u00c7iftehavuzlar &#8211; Kad\u0131k\u00f6y \/ \u0130stanbul T :\u00a0444 54 33 W: +90 531 844 30 02 F : (0 216) 468 [&hellip;]<\/p>\n","protected":false},"author":1,"featured_media":0,"parent":0,"menu_order":0,"comment_status":"closed","ping_status":"closed","template":"","meta":{"footnotes":""},"class_list":["post-802","page","type-page","status-publish","hentry"],"yoast_head":"<!-- This site is optimized with the Yoast SEO plugin v24.1 - https:\/\/yoast.com\/wordpress\/plugins\/seo\/ -->\n<title>Contact Us - Lifemed Sa\u00e7 Ekim Merkezi, \u0130stanbul<\/title>\n<meta name=\"robots\" content=\"index, follow, max-snippet:-1, max-image-preview:large, max-video-preview:-1\" \/>\n<link rel=\"canonical\" href=\"https:\/\/lifemedhair.com\/en\/contact-us\/\" \/>\n<meta property=\"og:locale\" content=\"en_US\" \/>\n<meta property=\"og:type\" content=\"article\" \/>\n<meta property=\"og:title\" content=\"Contact Us - Lifemed Sa\u00e7 Ekim Merkezi, \u0130stanbul\" \/>\n<meta property=\"og:description\" content=\"[vc_row][vc_column width=&#8221;1\/2&#8243;][vc_single_image image=&#8221;625&#8243; img_size=&#8221;full&#8221; css=&#8221;&#8221;][vc_custom_heading text=&#8221;Get Free Consultation&#8221; font_container=&#8221;tag:h3|text_align:left&#8221; use_theme_fonts=&#8221;yes&#8221; css=&#8221;&#8221; el_class=&#8221;secheading&#8221;][vc_column_text css=&#8221;&#8221;]You can contact us about anything by filling out the form below. Your information will be kept confidential under our Privacy, Personal Data, and Cookie Policy. Please don&#8217;t forget to fill out the form completely so we can reach you. Our team will get in touch with you.[\/vc_column_text][vc_row_inner el_class=&#8221;contentwhite&#8221;][vc_column_inner][\/vc_column_inner][\/vc_row_inner][\/vc_column][vc_column width=&#8221;1\/2&#8243; el_class=&#8221;polileftspace lfcontent&#8221;][vc_single_image image=&#8221;625&#8243; img_size=&#8221;full&#8221; css=&#8221;&#8221;][vc_custom_heading text=&#8221;Contact Information&#8221; font_container=&#8221;tag:h3|text_align:left&#8221; use_theme_fonts=&#8221;yes&#8221; css=&#8221;&#8221; el_class=&#8221;secheading&#8221;][vc_column_text css=&#8221;.vc_custom_1737977154946{margin-top: 50px !important;}&#8221;]Ba\u011fdat Caddesi No: 191\/A 34730 \u00c7iftehavuzlar &#8211; Kad\u0131k\u00f6y \/ \u0130stanbul T :\u00a0444 54 33 W: +90 531 844 30 02 F : (0 216) 468 [&hellip;]\" \/>\n<meta property=\"og:url\" content=\"https:\/\/lifemedhair.com\/en\/contact-us\/\" \/>\n<meta property=\"og:site_name\" content=\"Lifemed Sa\u00e7 Ekim Merkezi, \u0130stanbul\" \/>\n<meta property=\"article:modified_time\" content=\"2025-01-27T11:25:57+00:00\" \/>\n<meta name=\"twitter:card\" content=\"summary_large_image\" \/>\n<meta name=\"twitter:label1\" content=\"Est. reading time\" \/>\n\t<meta name=\"twitter:data1\" content=\"2 minutes\" \/>\n<script type=\"application\/ld+json\" class=\"yoast-schema-graph\">{\"@context\":\"https:\/\/schema.org\",\"@graph\":[{\"@type\":\"WebPage\",\"@id\":\"https:\/\/lifemedhair.com\/en\/contact-us\/\",\"url\":\"https:\/\/lifemedhair.com\/en\/contact-us\/\",\"name\":\"Contact Us - Lifemed Sa\u00e7 Ekim Merkezi, \u0130stanbul\",\"isPartOf\":{\"@id\":\"https:\/\/lifemedhair.com\/#website\"},\"datePublished\":\"2024-12-29T19:55:30+00:00\",\"dateModified\":\"2025-01-27T11:25:57+00:00\",\"breadcrumb\":{\"@id\":\"https:\/\/lifemedhair.com\/en\/contact-us\/#breadcrumb\"},\"inLanguage\":\"en-US\",\"potentialAction\":[{\"@type\":\"ReadAction\",\"target\":[\"https:\/\/lifemedhair.com\/en\/contact-us\/\"]}]},{\"@type\":\"BreadcrumbList\",\"@id\":\"https:\/\/lifemedhair.com\/en\/contact-us\/#breadcrumb\",\"itemListElement\":[{\"@type\":\"ListItem\",\"position\":1,\"name\":\"\",\"item\":\"https:\/\/lifemedhair.com\/en\/\"},{\"@type\":\"ListItem\",\"position\":2,\"name\":\"Contact Us\"}]},{\"@type\":\"WebSite\",\"@id\":\"https:\/\/lifemedhair.com\/#website\",\"url\":\"https:\/\/lifemedhair.com\/\",\"name\":\"Kad\u0131k\u00f6y Lifemed T\u0131p Merkezi\",\"description\":\"\",\"potentialAction\":[{\"@type\":\"SearchAction\",\"target\":{\"@type\":\"EntryPoint\",\"urlTemplate\":\"https:\/\/lifemedhair.com\/?s={search_term_string}\"},\"query-input\":{\"@type\":\"PropertyValueSpecification\",\"valueRequired\":true,\"valueName\":\"search_term_string\"}}],\"inLanguage\":\"en-US\"}]}<\/script>\n<!-- \/ Yoast SEO plugin. -->","yoast_head_json":{"title":"Contact Us - Lifemed Sa\u00e7 Ekim Merkezi, \u0130stanbul","robots":{"index":"index","follow":"follow","max-snippet":"max-snippet:-1","max-image-preview":"max-image-preview:large","max-video-preview":"max-video-preview:-1"},"canonical":"https:\/\/lifemedhair.com\/en\/contact-us\/","og_locale":"en_US","og_type":"article","og_title":"Contact Us - Lifemed Sa\u00e7 Ekim Merkezi, \u0130stanbul","og_description":"[vc_row][vc_column width=&#8221;1\/2&#8243;][vc_single_image image=&#8221;625&#8243; img_size=&#8221;full&#8221; css=&#8221;&#8221;][vc_custom_heading text=&#8221;Get Free Consultation&#8221; font_container=&#8221;tag:h3|text_align:left&#8221; use_theme_fonts=&#8221;yes&#8221; css=&#8221;&#8221; el_class=&#8221;secheading&#8221;][vc_column_text css=&#8221;&#8221;]You can contact us about anything by filling out the form below. Your information will be kept confidential under our Privacy, Personal Data, and Cookie Policy. Please don&#8217;t forget to fill out the form completely so we can reach you. Our team will get in touch with you.[\/vc_column_text][vc_row_inner el_class=&#8221;contentwhite&#8221;][vc_column_inner][\/vc_column_inner][\/vc_row_inner][\/vc_column][vc_column width=&#8221;1\/2&#8243; el_class=&#8221;polileftspace lfcontent&#8221;][vc_single_image image=&#8221;625&#8243; img_size=&#8221;full&#8221; css=&#8221;&#8221;][vc_custom_heading text=&#8221;Contact Information&#8221; font_container=&#8221;tag:h3|text_align:left&#8221; use_theme_fonts=&#8221;yes&#8221; css=&#8221;&#8221; el_class=&#8221;secheading&#8221;][vc_column_text css=&#8221;.vc_custom_1737977154946{margin-top: 50px !important;}&#8221;]Ba\u011fdat Caddesi No: 191\/A 34730 \u00c7iftehavuzlar &#8211; Kad\u0131k\u00f6y \/ \u0130stanbul T :\u00a0444 54 33 W: +90 531 844 30 02 F : (0 216) 468 [&hellip;]","og_url":"https:\/\/lifemedhair.com\/en\/contact-us\/","og_site_name":"Lifemed Sa\u00e7 Ekim Merkezi, \u0130stanbul","article_modified_time":"2025-01-27T11:25:57+00:00","twitter_card":"summary_large_image","twitter_misc":{"Est. reading time":"2 minutes"},"schema":{"@context":"https:\/\/schema.org","@graph":[{"@type":"WebPage","@id":"https:\/\/lifemedhair.com\/en\/contact-us\/","url":"https:\/\/lifemedhair.com\/en\/contact-us\/","name":"Contact Us - Lifemed Sa\u00e7 Ekim Merkezi, \u0130stanbul","isPartOf":{"@id":"https:\/\/lifemedhair.com\/#website"},"datePublished":"2024-12-29T19:55:30+00:00","dateModified":"2025-01-27T11:25:57+00:00","breadcrumb":{"@id":"https:\/\/lifemedhair.com\/en\/contact-us\/#breadcrumb"},"inLanguage":"en-US","potentialAction":[{"@type":"ReadAction","target":["https:\/\/lifemedhair.com\/en\/contact-us\/"]}]},{"@type":"BreadcrumbList","@id":"https:\/\/lifemedhair.com\/en\/contact-us\/#breadcrumb","itemListElement":[{"@type":"ListItem","position":1,"name":"","item":"https:\/\/lifemedhair.com\/en\/"},{"@type":"ListItem","position":2,"name":"Contact Us"}]},{"@type":"WebSite","@id":"https:\/\/lifemedhair.com\/#website","url":"https:\/\/lifemedhair.com\/","name":"Kad\u0131k\u00f6y Lifemed T\u0131p Merkezi","description":"","potentialAction":[{"@type":"SearchAction","target":{"@type":"EntryPoint","urlTemplate":"https:\/\/lifemedhair.com\/?s={search_term_string}"},"query-input":{"@type":"PropertyValueSpecification","valueRequired":true,"valueName":"search_term_string"}}],"inLanguage":"en-US"}]}},"_links":{"self":[{"href":"https:\/\/lifemedhair.com\/en\/wp-json\/wp\/v2\/pages\/802","targetHints":{"allow":["GET"]}}],"collection":[{"href":"https:\/\/lifemedhair.com\/en\/wp-json\/wp\/v2\/pages"}],"about":[{"href":"https:\/\/lifemedhair.com\/en\/wp-json\/wp\/v2\/types\/page"}],"author":[{"embeddable":true,"href":"https:\/\/lifemedhair.com\/en\/wp-json\/wp\/v2\/users\/1"}],"replies":[{"embeddable":true,"href":"https:\/\/lifemedhair.com\/en\/wp-json\/wp\/v2\/comments?post=802"}],"version-history":[{"count":7,"href":"https:\/\/lifemedhair.com\/en\/wp-json\/wp\/v2\/pages\/802\/revisions"}],"predecessor-version":[{"id":950,"href":"https:\/\/lifemedhair.com\/en\/wp-json\/wp\/v2\/pages\/802\/revisions\/950"}],"wp:attachment":[{"href":"https:\/\/lifemedhair.com\/en\/wp-json\/wp\/v2\/media?parent=802"}],"curies":[{"name":"wp","href":"https:\/\/api.w.org\/{rel}","templated":true}]}}