{"id":826,"date":"2024-12-19T14:15:07","date_gmt":"2024-12-19T11:15:07","guid":{"rendered":"https:\/\/lifemedhair.com\/gizlilik-ilkesi\/"},"modified":"2025-01-15T13:23:47","modified_gmt":"2025-01-15T10:23:47","slug":"privacy-policy","status":"publish","type":"page","link":"https:\/\/lifemedhair.com\/en\/privacy-policy\/","title":{"rendered":"Privacy Policy"},"content":{"rendered":"\r\n<p>A\u015fa\u011f\u0131da h\u00fck\u00fcmleri yaz\u0131l\u0131 olan \u201cKullan\u0131m Ko\u015fullar\u0131\u201d, www.hairtransplantationlifemed.com uzant\u0131l\u0131 web sitemizdeki (\u201cSite\u201d) hizmetlerden faydalanabilmeniz ve sitemizi kullanabilmeniz i\u00e7in gerekli kurallar\u0131 i\u00e7erir. Sitemizi ziyaret etmekle veya kullanmakla, bu Ko\u015fullar\u0131 okudu\u011funuzu, i\u00e7eri\u011fini anlad\u0131\u011f\u0131n\u0131z\u0131, bu Ko\u015fullarla ba\u011fl\u0131 oldu\u011funuzu, bu Ko\u015fullara ve Site ile ilgili y\u00fcr\u00fcrl\u00fckteki t\u00fcm ilgili mevzuata uygun davranaca\u011f\u0131n\u0131z\u0131 a\u00e7\u0131k\u00e7a kabul, beyan ve taahh\u00fct etmi\u015f bulunuyorsunuz.<\/p>\r\n\r\n\r\n\r\n<p>Can Medikal Hizmetler A.\u015e. \u00d6zel Lifemed T\u0131p Merkezi (\u201cLifemed\u201d) herhangi bir zamanda, bu ko\u015fullarda de\u011fi\u015fiklik yapma hakk\u0131na sahiptir. Kullan\u0131m Ko\u015fullar\u0131nda yap\u0131lan de\u011fi\u015fiklikler yine bu web sitesinde yay\u0131nlanacakt\u0131r. Kullan\u0131m ko\u015fullar\u0131m\u0131z\u0131n en g\u00fcncel halinden haberdar olmaya devam etmek i\u00e7in zaman zaman web sitemizi kontrol etmenizi \u00f6neririz. Bu sayfan\u0131n \u00fczerindeki \u201cSon G\u00fcncelleme\u201d tarihine bakarak sitemizi son ziyaretinizden beri Kullan\u0131m Ko\u015fullar\u0131n\u0131n revize edilip edilmedi\u011fini anlayabilirsiniz. L\u00fctfen Kullan\u0131m Ko\u015fullar\u0131n\u0131 dikkatlice okuyunuz. Sitemizi kullanman\u0131z ve\/veya hizmetlerimizden yararlanman\u0131z, herhangi bir s\u0131n\u0131rland\u0131rma, uygunluk ya da de\u011fi\u015fiklik olmaks\u0131z\u0131n,\u00a0<strong>Gizlilik, Ki\u015fisel Veriler ve \u00c7erez Politikas\u0131 (\u201cPolitika\u201d) ile birlikte,\u00a0<\/strong>i\u015fbu Kullan\u0131m Ko\u015fullar\u0131na da ba\u011fl\u0131 olmay\u0131 kabul etmeniz anlam\u0131na gelmektedir. Herhangi bir zamanda, buradaki h\u00fck\u00fcm ve ko\u015fullar\u0131 kabul etmedi\u011finiz takdirde, sitenin kullan\u0131m\u0131n\u0131 durdurman\u0131z\u0131 \u00f6nemle rica ederiz.<\/p>\r\n\r\n\r\n\r\n<p><strong><u>H\u00fck\u00fcmleri:<\/u><\/strong><br \/><br \/>1) Sitenin i\u00e7eri\u011fi ve yaz\u0131l\u0131m\u0131, Lifemed\u2019e ait olup, sitemiz telif hakk\u0131 mevzuat\u0131yla korunmaktad\u0131r.<br \/><br \/>2) Bu siteyi sadece ki\u015fisel kullan\u0131m\u0131n\u0131z i\u00e7in ziyaret etme ve g\u00f6r\u00fcnt\u00fcleme ve de Siteden, bilgilendirme mahiyetinde bilgi alma hakk\u0131na sahip oldu\u011funuzu kabul etmektesiniz. Bu kapsamda, siteyi ki\u015fisel kullan\u0131mlar\u0131n\u0131z haricinde hi\u00e7 bir \u015fekil ve surette kullanmayaca\u011f\u0131n\u0131z\u0131, sitedeki bilgileri\/i\u00e7eri\u011fi\/g\u00f6rselleri herhangi bir ama\u00e7la kopyalamayaca\u011f\u0131n\u0131z\u0131, y\u00fcklemeyece\u011finizi, yay\u0131nlamayaca\u011f\u0131n\u0131z\u0131, de\u011fi\u015ftirmeyece\u011finizi, t\u00fcrev eserler yaratmayaca\u011f\u0131n\u0131z\u0131 ya da bunlar\u0131 kamuya te\u015fhir etmeyece\u011finizi veya ba\u015fka bir \u015fekilde da\u011f\u0131tmayaca\u011f\u0131n\u0131z\u0131 ya da sair bir hukuka ayk\u0131r\u0131 ya da yetkisiz tasarrufa konu etmeyece\u011finizi de kabul etmektesiniz.<br \/><br \/>Siteyi ziyaret ederek veya kullanarak, yaln\u0131zca hukuka uygun ama\u00e7larla Site \u00fczerinde i\u015flem yapabilirsiniz. Site dahilinde yapt\u0131\u011f\u0131n\u0131z her i\u015flem ve eylemdeki hukuki, cezai ya da sair her t\u00fcrl\u00fc sorumluluk m\u00fcnhas\u0131ran size aittir. Bu kapsamda Lifemed ve\/veya ba\u015fka bir \u00fc\u00e7\u00fcnc\u00fc \u015fahs\u0131n fikri veya \u015fahsi haklar\u0131na ya da sair haklar\u0131na veya malvarl\u0131\u011f\u0131na tecav\u00fcz te\u015fkil edecek \u015fekilde, Site dahilinde bulunan resimleri, metinleri, g\u00f6rsel ve i\u015fitsel imgeleri, video dosyalar\u0131n\u0131, veritabanlar\u0131n\u0131 ya da sair herhangi bir bilgiyi, unsuru \u00e7o\u011faltmayaca\u011f\u0131n\u0131z\u0131, kopyalamayaca\u011f\u0131n\u0131z\u0131 da\u011f\u0131tmayaca\u011f\u0131n\u0131z\u0131, i\u015flemeyece\u011finizi, sair bir tasarrufa konu etmeyece\u011finizi kabul, beyan ve taahh\u00fct etmi\u015f bulunuyorsunuz. Lifemed, sizin i\u015fbu kullan\u0131m ko\u015fullar\u0131na ve\/veya hukuka\/mevzuata ayk\u0131r\u0131 olarak Site \u00fczerinde ger\u00e7ekle\u015ftirdi\u011finiz faaliyetler\/i\u015flemler nedeniyle \u00fc\u00e7\u00fcnc\u00fc ki\u015filerin u\u011frad\u0131klar\u0131 veya u\u011frayabilecekleri zararlardan do\u011frudan ve\/veya dolayl\u0131 olarak, hi\u00e7bir \u015fekilde sorumlu tutulamaz. Bu kapsamda Lifemed\u2019e herhangi bir sorumluluk tevcih edilir ise, ilgili Kullan\u0131c\u0131lara kar\u015f\u0131 her t\u00fcrl\u00fc yasal yol i\u015fletilecektir. Sitemizin, izin ve yetki verilmeyen herhangi bir ama\u00e7la kullan\u0131lmas\u0131 ya da bu kapsamda sair bir tasarruf ger\u00e7ekle\u015ftirilmesi amac\u0131yla, herhangi bir robot, \u00f6r\u00fcmcek veya ba\u015fka otomatik aletler ya da manuel prosesler kullan\u0131lmas\u0131 yasakt\u0131r. Telif hakk\u0131na konu olan bilgi ve materyalleri a\u00e7\u0131k bir izin almadan yetkisiz bir \u015fekilde kullanan kullan\u0131c\u0131lar\u0131n siteyi kullanmalar\u0131na son verilecektir.<br \/><br \/>Lifemed\u2019in ya da sitenin\u00a0 \u00e7al\u0131\u015fmas\u0131na m\u00fcdahale etmek veya m\u00fcdahaleye te\u015febb\u00fcs etmek amac\u0131yla herhangi bir alet, yaz\u0131l\u0131m veya sair bir donan\u0131m\/te\u00e7hizat kullanmayaca\u011f\u0131n\u0131z\u0131, sitemiz altyap\u0131s\u0131 \u00fczerine, makul olmayan veya bu alt yap\u0131ya orant\u0131s\u0131z b\u00fcy\u00fckl\u00fckte y\u00fck getiren herhangi bir i\u015flem yapmayaca\u011f\u0131n\u0131z\u0131 da kabul etmektesiniz.<br \/><br \/>Sitenin yetkisiz \u00e7er\u00e7evelenmesi veya siteye yetkisiz ba\u011flant\u0131 yap\u0131lmas\u0131 ya da sitede bulunan bir robot, \u00f6r\u00fcmcek veya ba\u015fka otomatik aletin yetkisiz kullan\u0131m\u0131 da dahil olmak \u00fczere sitenin her t\u00fcrl\u00fc yasad\u0131\u015f\u0131 ve\/veya yetkisiz kullan\u0131m\u0131 yasakt\u0131r ve bu t\u00fcr kullan\u0131m halinde, gerekli ara\u015ft\u0131rmalar yap\u0131lacak ve gerekli her t\u00fcrl\u00fc tedbir al\u0131naca\u011f\u0131 gibi, gerekli yasal ve idari yollara da ba\u015fvurulacakt\u0131r.<br \/><br \/>3) Herhangi bir \u00fc\u00e7\u00fcnc\u00fc ki\u015fi taraf\u0131ndan sa\u011flanan ve yay\u0131nlanan bilgilerin, i\u00e7eriklerin, g\u00f6rsel ve i\u015fitsel imgelerin do\u011frulu\u011fu ve hukuka\/mevzuata uygunlu\u011funun taahh\u00fcd\u00fc, b\u00fct\u00fcn\u00fcyle bu eylemleri ger\u00e7ekle\u015ftiren ve\/veya i\u00e7erikleri siteye g\u00f6nderen ki\u015filerin sorumlulu\u011fundad\u0131r. Lifemed, Kullan\u0131c\u0131&#8217;lar da dahil olmak \u00fczere \u00fc\u00e7\u00fcnc\u00fc ki\u015filer taraf\u0131ndan sa\u011flanan hizmetlerin\/yay\u0131nlar\u0131n ve i\u00e7eriklerin g\u00fcvenli\u011fini, do\u011frulu\u011funu ve hukuka\/mevzuata uygunlu\u011funu taahh\u00fct ve garanti etmemektedir. Siteyi ba\u015fka bir siteye ba\u011flanmak amac\u0131yla ya da siteye i\u00e7erik veya ba\u015fka bilgiler y\u00fcklemek amac\u0131yla kullanman\u0131z da dahil, siteyi haks\u0131z\/hukuka ayk\u0131r\u0131 kullanman\u0131zdan dolay\u0131 \u00fc\u00e7\u00fcnc\u00fc \u015fah\u0131slar\u0131n maruz kalabilece\u011fi zarar ve ziyanlardan Lifemed sorumlu olmayacakt\u0131r. Lifemed; sitenin \u00fc\u00e7\u00fcnc\u00fc \u015fah\u0131s kullan\u0131c\u0131lar\u0131, Lifemed kullan\u0131c\u0131lar\u0131, reklamc\u0131lar\u0131 ve\/veya sponsorlar\u0131n\u0131n i\u015flem ve fiillerinden dolay\u0131 sorumlu olmad\u0131\u011f\u0131 gibi, kullan\u0131c\u0131lar\u0131n siteyi kullanmas\u0131yla ilgili fiil, ihmal ve davran\u0131\u015flar\u0131ndan dolay\u0131 da sorumlu de\u011fildir.<br \/><br \/>Lifemed, Site \u00fczerinden, Lifemed\u2019in\u00a0 kendi kontrol\u00fcnde olmayan \u00fc\u00e7\u00fcnc\u00fc ki\u015filere ve ba\u015fkaca \u00fc\u00e7\u00fcnc\u00fc ki\u015filerin sahip oldu\u011fu ve i\u015fletti\u011fi ba\u015fka web sitelerine ve\/veya portallara, dosyalara veya i\u00e7eriklere &#8216;link&#8217; verebilir, y\u00f6nlendirme yapabilir. Bu &#8216;link&#8217;ler\/y\u00f6nlendirmeler, web sitesini veya siteyi i\u015fleten ki\u015finin desteklendi\u011fi ya da web sitesi veya i\u00e7erdi\u011fi bilgilere y\u00f6nelik herhangi bir t\u00fcrde bir beyan veya garanti niteli\u011fi ta\u015f\u0131mamaktad\u0131r. Site \u00fczerindeki &#8216;link&#8217;ler vas\u0131tas\u0131yla eri\u015filen portallar, web siteleri, dosyalar ve i\u00e7erikler, bu &#8216;link&#8217;ler vas\u0131tas\u0131yla eri\u015filen portallar veya web sitelerinde sunulan hizmetler veya \u00fcr\u00fcnler veya bunlar\u0131n i\u00e7eri\u011fi hakk\u0131nda Lifemed\u2019in herhangi bir sorumlulu\u011fu ve\/veya taahh\u00fcd\u00fc yoktur.<br \/><br \/>4) Siteyi kullan\u0131rken, ilgili mevzuat h\u00fck\u00fcmlerine uyaca\u011f\u0131n\u0131z\u0131, faaliyetleriniz ile ilgili olarak mevzuat h\u00fck\u00fcmlerine uymaman\u0131z nedeni ile gerek Lifemed ve gerekse de 3. ki\u015filer nezdinde do\u011facak her t\u00fcrl\u00fc sorumlulu\u011fun bizzat kendinize ait olaca\u011f\u0131n\u0131, bu sorumluluklar nedeni ile Lifemed\u2019ten \u00a0r\u00fccuen herhangi bir talepte bulunmayaca\u011f\u0131n\u0131z\u0131, keza bu madde kapsam\u0131nda Lifemed\u2019e y\u00f6nelebilecek olas\u0131 taleplerden sorumlu olaca\u011f\u0131n\u0131z\u0131 beyan, kabul ve taahh\u00fct etmektesiniz. Ayr\u0131ca Kullan\u0131m Ko\u015fullar\u0131n\u0131 ihl\u00e2l etti\u011finiz takdirde, Lifemed Siteyi kullanman\u0131za son verebilir, gelecekte Siteyi kullanman\u0131za engel olabilir ve\/veya ilgili yasal yollara m\u00fcracaat edebilir.<br \/><br \/>5) Lifemed, sitenin kesintisiz veya hatas\u0131z olaca\u011f\u0131n\u0131 ya da sitenin veya i\u00e7eri\u011finin kullan\u0131lmas\u0131yla ya da siteye ba\u011flant\u0131 yap\u0131lmas\u0131yla belirli sonu\u00e7lar\u0131n elde edilece\u011fini garanti ve taahh\u00fct etmez. Lifemed, kullan\u0131c\u0131lara belirli bir amaca uygunluk, kesintisiz devaml\u0131l\u0131k, g\u00fcncelleme, i\u015flevsellik, hatas\u0131zl\u0131k dahil, a\u00e7\u0131k ya da z\u0131mni hi\u00e7bir garanti ve\/veya vaad vermemektedir. Lifemed sitenin kullan\u0131lmas\u0131ndan kaynaklanabilecek zararlar i\u00e7in hi\u00e7 bir \u015fekil ve surette sorumlu tutulamaz. Lifemed, sitenin kullan\u0131lmas\u0131ndan beklenen sonu\u00e7lar konusunda hi\u00e7 bir garanti vermez.<br \/><br \/>6) Lifemed, Site&#8217;de sunulan Hizmet&#8217;leri ve i\u00e7erikleri her zaman de\u011fi\u015ftirebilme; Siteye \u201cblog\u201d koyma, siteyi y\u00f6netme hakk\u0131n\u0131 haizdir. Lifemed, bu hakk\u0131n\u0131, hi\u00e7 bir bildirimde bulunmadan kullanabilir. Lifemed, gerekli g\u00f6rd\u00fc\u011f\u00fc zamanlarda site kapsam\u0131ndaki hizmetleri\/siteyi ge\u00e7ici bir s\u00fcre ile ask\u0131ya alabilir veya tamamen durdurabilir. Hizmetlerin ge\u00e7ici bir s\u00fcre ask\u0131ya al\u0131nmas\u0131 veya tamamen durdurulmas\u0131ndan ya da sitenin kapat\u0131lmas\u0131ndan dolay\u0131 Lifemed\u2019in kullan\u0131c\u0131lara kar\u015f\u0131 herhangi bir sorumlulu\u011fu bulunmamaktad\u0131r.<br \/><br \/>7)\u00a0 \u0130\u015fbu Kullan\u0131m Ko\u015fullar\u0131,\u00a0<strong>Gizlilik, Ki\u015fisel Veriler ve \u00c7erez Politikas\u0131<\/strong><strong>n\u0131<\/strong>\u00a0da kapsamakta olup, sitemizi ziyaret edenler ve siteyi kullananlar, s\u00f6z konusu\u00a0<strong>Gizlilik, Ki\u015fisel Veriler ve \u00c7erez Politikas\u0131<\/strong>\u00a0h\u00fck\u00fcmlerini de okuduklar\u0131n\u0131, bunlar\u0131 kabul ettiklerini ve an\u0131lan Politika i\u00e7eriklerine de riayet edeceklerini kabul, beyan ve taahh\u00fct etmi\u015flerdir.<br \/><br \/>8) Site hakk\u0131nda veya site ile ilgili bir ihtil\u00e2f\u0131n \u00e7\u0131kmas\u0131 halinde, T\u00fcrkiye Cumhuriyeti kanunlar\u0131 uygulanacak olup, siteye ve\/veya h\u00fck\u00fcmlerine ili\u015fkin herhangi bir ihtilaf\u0131n do\u011fmas\u0131 durumunda \u0130stanbul (\u00c7a\u011flayan) mahkemeleri ve icra daireleri g\u00f6revli ve yetkili olacakt\u0131r.<\/p>\r\n","protected":false},"excerpt":{"rendered":"<p>A\u015fa\u011f\u0131da h\u00fck\u00fcmleri yaz\u0131l\u0131 olan \u201cKullan\u0131m Ko\u015fullar\u0131\u201d, www.hairtransplantationlifemed.com uzant\u0131l\u0131 web sitemizdeki (\u201cSite\u201d) hizmetlerden faydalanabilmeniz ve sitemizi kullanabilmeniz i\u00e7in gerekli kurallar\u0131 i\u00e7erir. Sitemizi ziyaret etmekle veya kullanmakla, bu Ko\u015fullar\u0131 okudu\u011funuzu, i\u00e7eri\u011fini anlad\u0131\u011f\u0131n\u0131z\u0131, bu Ko\u015fullarla ba\u011fl\u0131 oldu\u011funuzu, bu Ko\u015fullara ve Site ile ilgili y\u00fcr\u00fcrl\u00fckteki t\u00fcm ilgili mevzuata uygun davranaca\u011f\u0131n\u0131z\u0131 a\u00e7\u0131k\u00e7a kabul, beyan ve taahh\u00fct etmi\u015f bulunuyorsunuz. Can Medikal Hizmetler A.\u015e. \u00d6zel Lifemed T\u0131p Merkezi (\u201cLifemed\u201d) herhangi bir zamanda, bu ko\u015fullarda de\u011fi\u015fiklik yapma hakk\u0131na sahiptir. Kullan\u0131m Ko\u015fullar\u0131nda yap\u0131lan de\u011fi\u015fiklikler yine bu web sitesinde yay\u0131nlanacakt\u0131r. Kullan\u0131m ko\u015fullar\u0131m\u0131z\u0131n en g\u00fcncel halinden haberdar olmaya devam etmek i\u00e7in zaman zaman web sitemizi kontrol etmenizi \u00f6neririz. Bu sayfan\u0131n \u00fczerindeki [&hellip;]<\/p>\n","protected":false},"author":1,"featured_media":0,"parent":0,"menu_order":0,"comment_status":"closed","ping_status":"closed","template":"","meta":{"footnotes":""},"class_list":["post-826","page","type-page","status-publish","hentry"],"yoast_head":"<!-- This site is optimized with the Yoast SEO plugin v24.1 - https:\/\/yoast.com\/wordpress\/plugins\/seo\/ -->\n<title>Privacy Policy - Lifemed Sa\u00e7 Ekim Merkezi, \u0130stanbul<\/title>\n<meta name=\"robots\" content=\"index, follow, max-snippet:-1, max-image-preview:large, max-video-preview:-1\" \/>\n<link rel=\"canonical\" href=\"https:\/\/lifemedhair.com\/en\/privacy-policy\/\" \/>\n<meta property=\"og:locale\" content=\"en_US\" \/>\n<meta property=\"og:type\" content=\"article\" \/>\n<meta property=\"og:title\" content=\"Privacy Policy - Lifemed Sa\u00e7 Ekim Merkezi, \u0130stanbul\" \/>\n<meta property=\"og:description\" content=\"A\u015fa\u011f\u0131da h\u00fck\u00fcmleri yaz\u0131l\u0131 olan \u201cKullan\u0131m Ko\u015fullar\u0131\u201d, www.hairtransplantationlifemed.com uzant\u0131l\u0131 web sitemizdeki (\u201cSite\u201d) hizmetlerden faydalanabilmeniz ve sitemizi kullanabilmeniz i\u00e7in gerekli kurallar\u0131 i\u00e7erir. Sitemizi ziyaret etmekle veya kullanmakla, bu Ko\u015fullar\u0131 okudu\u011funuzu, i\u00e7eri\u011fini anlad\u0131\u011f\u0131n\u0131z\u0131, bu Ko\u015fullarla ba\u011fl\u0131 oldu\u011funuzu, bu Ko\u015fullara ve Site ile ilgili y\u00fcr\u00fcrl\u00fckteki t\u00fcm ilgili mevzuata uygun davranaca\u011f\u0131n\u0131z\u0131 a\u00e7\u0131k\u00e7a kabul, beyan ve taahh\u00fct etmi\u015f bulunuyorsunuz. Can Medikal Hizmetler A.\u015e. \u00d6zel Lifemed T\u0131p Merkezi (\u201cLifemed\u201d) herhangi bir zamanda, bu ko\u015fullarda de\u011fi\u015fiklik yapma hakk\u0131na sahiptir. Kullan\u0131m Ko\u015fullar\u0131nda yap\u0131lan de\u011fi\u015fiklikler yine bu web sitesinde yay\u0131nlanacakt\u0131r. Kullan\u0131m ko\u015fullar\u0131m\u0131z\u0131n en g\u00fcncel halinden haberdar olmaya devam etmek i\u00e7in zaman zaman web sitemizi kontrol etmenizi \u00f6neririz. Bu sayfan\u0131n \u00fczerindeki [&hellip;]\" \/>\n<meta property=\"og:url\" content=\"https:\/\/lifemedhair.com\/en\/privacy-policy\/\" \/>\n<meta property=\"og:site_name\" content=\"Lifemed Sa\u00e7 Ekim Merkezi, \u0130stanbul\" \/>\n<meta property=\"article:modified_time\" content=\"2025-01-15T10:23:47+00:00\" \/>\n<meta name=\"twitter:card\" content=\"summary_large_image\" \/>\n<meta name=\"twitter:label1\" content=\"Est. reading time\" \/>\n\t<meta name=\"twitter:data1\" content=\"7 minutes\" \/>\n<script type=\"application\/ld+json\" class=\"yoast-schema-graph\">{\"@context\":\"https:\/\/schema.org\",\"@graph\":[{\"@type\":\"WebPage\",\"@id\":\"https:\/\/lifemedhair.com\/en\/privacy-policy\/\",\"url\":\"https:\/\/lifemedhair.com\/en\/privacy-policy\/\",\"name\":\"Privacy Policy - Lifemed Sa\u00e7 Ekim Merkezi, \u0130stanbul\",\"isPartOf\":{\"@id\":\"https:\/\/lifemedhair.com\/#website\"},\"datePublished\":\"2024-12-19T11:15:07+00:00\",\"dateModified\":\"2025-01-15T10:23:47+00:00\",\"breadcrumb\":{\"@id\":\"https:\/\/lifemedhair.com\/en\/privacy-policy\/#breadcrumb\"},\"inLanguage\":\"en-US\",\"potentialAction\":[{\"@type\":\"ReadAction\",\"target\":[\"https:\/\/lifemedhair.com\/en\/privacy-policy\/\"]}]},{\"@type\":\"BreadcrumbList\",\"@id\":\"https:\/\/lifemedhair.com\/en\/privacy-policy\/#breadcrumb\",\"itemListElement\":[{\"@type\":\"ListItem\",\"position\":1,\"name\":\"\",\"item\":\"https:\/\/lifemedhair.com\/en\/\"},{\"@type\":\"ListItem\",\"position\":2,\"name\":\"Privacy Policy\"}]},{\"@type\":\"WebSite\",\"@id\":\"https:\/\/lifemedhair.com\/#website\",\"url\":\"https:\/\/lifemedhair.com\/\",\"name\":\"Kad\u0131k\u00f6y Lifemed T\u0131p Merkezi\",\"description\":\"\",\"potentialAction\":[{\"@type\":\"SearchAction\",\"target\":{\"@type\":\"EntryPoint\",\"urlTemplate\":\"https:\/\/lifemedhair.com\/?s={search_term_string}\"},\"query-input\":{\"@type\":\"PropertyValueSpecification\",\"valueRequired\":true,\"valueName\":\"search_term_string\"}}],\"inLanguage\":\"en-US\"}]}<\/script>\n<!-- \/ Yoast SEO plugin. -->","yoast_head_json":{"title":"Privacy Policy - Lifemed Sa\u00e7 Ekim Merkezi, \u0130stanbul","robots":{"index":"index","follow":"follow","max-snippet":"max-snippet:-1","max-image-preview":"max-image-preview:large","max-video-preview":"max-video-preview:-1"},"canonical":"https:\/\/lifemedhair.com\/en\/privacy-policy\/","og_locale":"en_US","og_type":"article","og_title":"Privacy Policy - Lifemed Sa\u00e7 Ekim Merkezi, \u0130stanbul","og_description":"A\u015fa\u011f\u0131da h\u00fck\u00fcmleri yaz\u0131l\u0131 olan \u201cKullan\u0131m Ko\u015fullar\u0131\u201d, www.hairtransplantationlifemed.com uzant\u0131l\u0131 web sitemizdeki (\u201cSite\u201d) hizmetlerden faydalanabilmeniz ve sitemizi kullanabilmeniz i\u00e7in gerekli kurallar\u0131 i\u00e7erir. Sitemizi ziyaret etmekle veya kullanmakla, bu Ko\u015fullar\u0131 okudu\u011funuzu, i\u00e7eri\u011fini anlad\u0131\u011f\u0131n\u0131z\u0131, bu Ko\u015fullarla ba\u011fl\u0131 oldu\u011funuzu, bu Ko\u015fullara ve Site ile ilgili y\u00fcr\u00fcrl\u00fckteki t\u00fcm ilgili mevzuata uygun davranaca\u011f\u0131n\u0131z\u0131 a\u00e7\u0131k\u00e7a kabul, beyan ve taahh\u00fct etmi\u015f bulunuyorsunuz. Can Medikal Hizmetler A.\u015e. \u00d6zel Lifemed T\u0131p Merkezi (\u201cLifemed\u201d) herhangi bir zamanda, bu ko\u015fullarda de\u011fi\u015fiklik yapma hakk\u0131na sahiptir. Kullan\u0131m Ko\u015fullar\u0131nda yap\u0131lan de\u011fi\u015fiklikler yine bu web sitesinde yay\u0131nlanacakt\u0131r. Kullan\u0131m ko\u015fullar\u0131m\u0131z\u0131n en g\u00fcncel halinden haberdar olmaya devam etmek i\u00e7in zaman zaman web sitemizi kontrol etmenizi \u00f6neririz. Bu sayfan\u0131n \u00fczerindeki [&hellip;]","og_url":"https:\/\/lifemedhair.com\/en\/privacy-policy\/","og_site_name":"Lifemed Sa\u00e7 Ekim Merkezi, \u0130stanbul","article_modified_time":"2025-01-15T10:23:47+00:00","twitter_card":"summary_large_image","twitter_misc":{"Est. reading time":"7 minutes"},"schema":{"@context":"https:\/\/schema.org","@graph":[{"@type":"WebPage","@id":"https:\/\/lifemedhair.com\/en\/privacy-policy\/","url":"https:\/\/lifemedhair.com\/en\/privacy-policy\/","name":"Privacy Policy - Lifemed Sa\u00e7 Ekim Merkezi, \u0130stanbul","isPartOf":{"@id":"https:\/\/lifemedhair.com\/#website"},"datePublished":"2024-12-19T11:15:07+00:00","dateModified":"2025-01-15T10:23:47+00:00","breadcrumb":{"@id":"https:\/\/lifemedhair.com\/en\/privacy-policy\/#breadcrumb"},"inLanguage":"en-US","potentialAction":[{"@type":"ReadAction","target":["https:\/\/lifemedhair.com\/en\/privacy-policy\/"]}]},{"@type":"BreadcrumbList","@id":"https:\/\/lifemedhair.com\/en\/privacy-policy\/#breadcrumb","itemListElement":[{"@type":"ListItem","position":1,"name":"","item":"https:\/\/lifemedhair.com\/en\/"},{"@type":"ListItem","position":2,"name":"Privacy Policy"}]},{"@type":"WebSite","@id":"https:\/\/lifemedhair.com\/#website","url":"https:\/\/lifemedhair.com\/","name":"Kad\u0131k\u00f6y Lifemed T\u0131p Merkezi","description":"","potentialAction":[{"@type":"SearchAction","target":{"@type":"EntryPoint","urlTemplate":"https:\/\/lifemedhair.com\/?s={search_term_string}"},"query-input":{"@type":"PropertyValueSpecification","valueRequired":true,"valueName":"search_term_string"}}],"inLanguage":"en-US"}]}},"_links":{"self":[{"href":"https:\/\/lifemedhair.com\/en\/wp-json\/wp\/v2\/pages\/826","targetHints":{"allow":["GET"]}}],"collection":[{"href":"https:\/\/lifemedhair.com\/en\/wp-json\/wp\/v2\/pages"}],"about":[{"href":"https:\/\/lifemedhair.com\/en\/wp-json\/wp\/v2\/types\/page"}],"author":[{"embeddable":true,"href":"https:\/\/lifemedhair.com\/en\/wp-json\/wp\/v2\/users\/1"}],"replies":[{"embeddable":true,"href":"https:\/\/lifemedhair.com\/en\/wp-json\/wp\/v2\/comments?post=826"}],"version-history":[{"count":1,"href":"https:\/\/lifemedhair.com\/en\/wp-json\/wp\/v2\/pages\/826\/revisions"}],"predecessor-version":[{"id":892,"href":"https:\/\/lifemedhair.com\/en\/wp-json\/wp\/v2\/pages\/826\/revisions\/892"}],"wp:attachment":[{"href":"https:\/\/lifemedhair.com\/en\/wp-json\/wp\/v2\/media?parent=826"}],"curies":[{"name":"wp","href":"https:\/\/api.w.org\/{rel}","templated":true}]}}